{"id":4375,"date":"2024-12-04T18:12:04","date_gmt":"2024-12-04T18:12:04","guid":{"rendered":"http:\/\/lacasazodiac.com\/?page_id=4375"},"modified":"2025-01-07T15:26:54","modified_gmt":"2025-01-07T15:26:54","slug":"membership-plans-2","status":"publish","type":"page","link":"https:\/\/lacasazodiac.com\/en\/","title":{"rendered":"Membres\u00eda"},"content":{"rendered":"\n<div class=\"wp-block-uagb-image alignfull uagb-block-ea8e761c wp-block-uagb-image--layout-default wp-block-uagb-image--effect-static wp-block-uagb-image--align-full uag-hide-tab uag-hide-mob\"><figure class=\"wp-block-uagb-image__figure\"><img decoding=\"async\" srcset=\"https:\/\/lacasazodiac.com\/wp-content\/uploads\/2024\/12\/header_lacasazodiac2.jpg ,https:\/\/lacasazodiac.com\/wp-content\/uploads\/2024\/12\/header_lacasazodiac2.jpg 780w, https:\/\/lacasazodiac.com\/wp-content\/uploads\/2024\/12\/header_lacasazodiac2.jpg 360w\" sizes=\"auto, (max-width: 480px) 150px\" src=\"https:\/\/lacasazodiac.com\/wp-content\/uploads\/2024\/12\/header_lacasazodiac2.jpg\" alt=\"\" class=\"uag-image-4500\" width=\"2000\" height=\"658\" title=\"header_lacasazodiac2\" loading=\"lazy\" role=\"img\"\/><\/figure><\/div>\n\n\n\n<div class=\"wp-block-uagb-image alignfull uagb-block-d4487e2e wp-block-uagb-image--layout-default wp-block-uagb-image--effect-static wp-block-uagb-image--align-full uag-hide-desktop\"><figure class=\"wp-block-uagb-image__figure\"><img decoding=\"async\" srcset=\"https:\/\/lacasazodiac.com\/wp-content\/uploads\/2025\/01\/header_lacasazodiac_mobile.jpg ,http:\/\/lacasazodiac.com\/wp-content\/uploads\/2025\/01\/header_lacasazodiac_mobile.jpg 780w, http:\/\/lacasazodiac.com\/wp-content\/uploads\/2025\/01\/header_lacasazodiac_mobile.jpg 360w\" sizes=\"auto, (max-width: 480px) 150px\" src=\"https:\/\/lacasazodiac.com\/wp-content\/uploads\/2025\/01\/header_lacasazodiac_mobile.jpg\" alt=\"\" class=\"uag-image-4762\" width=\"1000\" height=\"1094\" title=\"header_lacasazodiac_mobile\" loading=\"lazy\" role=\"img\"\/><\/figure><\/div>\n\n\n\n<div style=\"height:48px\" aria-hidden=\"true\" class=\"wp-block-spacer\"><\/div>\n\n\n\n<h2 class=\"wp-block-heading has-text-align-center\"><mark style=\"background-color:rgba(0, 0, 0, 0);color:#e68817\" class=\"has-inline-color\">\u00a1<strong>Bienvenidos a La Casa Zodiac! <\/strong><\/mark><\/h2>\n\n\n\n<h4 class=\"wp-block-heading has-text-align-center\"><strong>Tu aula virtual donde el Feng Shui, la Astrolog\u00eda y otras disciplinas se unen para ofrecerte herramientas pr\u00e1cticas y valiosas que te ayudar\u00e1n a construir una vida m\u00e1s equilibrada, saludable y feliz.<\/strong><\/h4>\n\n\n\n<div style=\"height:31px\" aria-hidden=\"true\" class=\"wp-block-spacer\"><\/div>\n\n\n\n<div class=\"wp-block-uagb-separator uagb-block-d2eaf264\"><div class=\"wp-block-uagb-separator__inner\" style=\"--my-background-image:\"><\/div><\/div>\n\n\n\n<div style=\"height:45px\" aria-hidden=\"true\" id=\"planes\" class=\"wp-block-spacer\"><\/div>\n\n\n\n<div class=\"wp-block-uagb-container uagb-block-95a70a8d alignfull uagb-is-root-container\"><div class=\"uagb-container-inner-blocks-wrap\">\n<div class=\"wp-block-uagb-container uagb-block-4be7c98b\">\n<h5 class=\"wp-block-heading has-text-align-left\"><mark style=\"background-color:#f1ee03\" class=\"has-inline-color\">\u00bfQu\u00e9 incluye la membres\u00eda?<\/mark><\/h5>\n\n\n\n<div class=\"wp-block-group is-nowrap is-layout-flex wp-container-core-group-is-layout-1 wp-block-group-is-layout-flex\">\n<div class=\"wp-block-uagb-icon-list uagb-block-767474a8\"><div class=\"uagb-icon-list__wrap\">\n<div class=\"wp-block-uagb-icon-list-child uagb-block-9a5d9023\"><span class=\"uagb-icon-list__source-wrap\"><svg xmlns=\"https:\/\/www.w3.org\/2000\/svg\" viewBox=\"0 0 512 512\"><path d=\"M256 0C114.6 0 0 114.6 0 256c0 141.4 114.6 256 256 256s256-114.6 256-256C512 114.6 397.4 0 256 0zM406.6 278.6l-103.1 103.1c-12.5 12.5-32.75 12.5-45.25 0s-12.5-32.75 0-45.25L306.8 288H128C110.3 288 96 273.7 96 256s14.31-32 32-32h178.8l-49.38-49.38c-12.5-12.5-12.5-32.75 0-45.25s32.75-12.5 45.25 0l103.1 103.1C414.6 241.3 416 251.1 416 256C416 260.9 414.6 270.7 406.6 278.6z\"><\/path><\/svg><\/span><span class=\"uagb-icon-list__label\">Hor\u00f3scopo mensual Zod\u00edaco Chino y Occidental<\/span><\/div>\n\n\n\n<div class=\"wp-block-uagb-icon-list-child uagb-block-fd04658e\"><span class=\"uagb-icon-list__source-wrap\"><svg xmlns=\"https:\/\/www.w3.org\/2000\/svg\" viewBox=\"0 0 512 512\"><path d=\"M256 0C114.6 0 0 114.6 0 256c0 141.4 114.6 256 256 256s256-114.6 256-256C512 114.6 397.4 0 256 0zM406.6 278.6l-103.1 103.1c-12.5 12.5-32.75 12.5-45.25 0s-12.5-32.75 0-45.25L306.8 288H128C110.3 288 96 273.7 96 256s14.31-32 32-32h178.8l-49.38-49.38c-12.5-12.5-12.5-32.75 0-45.25s32.75-12.5 45.25 0l103.1 103.1C414.6 241.3 416 251.1 416 256C416 260.9 414.6 270.7 406.6 278.6z\"><\/path><\/svg><\/span><span class=\"uagb-icon-list__label\">Estrellas voladoras, an\u00e1lisis mensual Feng Shui<\/span><\/div>\n\n\n\n<div class=\"wp-block-uagb-icon-list-child uagb-block-1be62b21\"><span class=\"uagb-icon-list__source-wrap\"><svg xmlns=\"https:\/\/www.w3.org\/2000\/svg\" viewBox=\"0 0 512 512\"><path d=\"M256 0C114.6 0 0 114.6 0 256c0 141.4 114.6 256 256 256s256-114.6 256-256C512 114.6 397.4 0 256 0zM406.6 278.6l-103.1 103.1c-12.5 12.5-32.75 12.5-45.25 0s-12.5-32.75 0-45.25L306.8 288H128C110.3 288 96 273.7 96 256s14.31-32 32-32h178.8l-49.38-49.38c-12.5-12.5-12.5-32.75 0-45.25s32.75-12.5 45.25 0l103.1 103.1C414.6 241.3 416 251.1 416 256C416 260.9 414.6 270.7 406.6 278.6z\"><\/path><\/svg><\/span><span class=\"uagb-icon-list__label\">Tr\u00e1nsito astrol\u00f3gico del mes<\/span><\/div>\n\n\n\n<div class=\"wp-block-uagb-icon-list-child uagb-block-0ed26ccb\"><span class=\"uagb-icon-list__source-wrap\"><svg xmlns=\"https:\/\/www.w3.org\/2000\/svg\" viewBox=\"0 0 512 512\"><path d=\"M256 0C114.6 0 0 114.6 0 256c0 141.4 114.6 256 256 256s256-114.6 256-256C512 114.6 397.4 0 256 0zM406.6 278.6l-103.1 103.1c-12.5 12.5-32.75 12.5-45.25 0s-12.5-32.75 0-45.25L306.8 288H128C110.3 288 96 273.7 96 256s14.31-32 32-32h178.8l-49.38-49.38c-12.5-12.5-12.5-32.75 0-45.25s32.75-12.5 45.25 0l103.1 103.1C414.6 241.3 416 251.1 416 256C416 260.9 414.6 270.7 406.6 278.6z\"><\/path><\/svg><\/span><span class=\"uagb-icon-list__label\">Seminario del mes<\/span><\/div>\n\n\n\n<div class=\"wp-block-uagb-icon-list-child uagb-block-d91dfc3b\"><span class=\"uagb-icon-list__source-wrap\"><svg xmlns=\"https:\/\/www.w3.org\/2000\/svg\" viewBox=\"0 0 512 512\"><path d=\"M256 0C114.6 0 0 114.6 0 256c0 141.4 114.6 256 256 256s256-114.6 256-256C512 114.6 397.4 0 256 0zM406.6 278.6l-103.1 103.1c-12.5 12.5-32.75 12.5-45.25 0s-12.5-32.75 0-45.25L306.8 288H128C110.3 288 96 273.7 96 256s14.31-32 32-32h178.8l-49.38-49.38c-12.5-12.5-12.5-32.75 0-45.25s32.75-12.5 45.25 0l103.1 103.1C414.6 241.3 416 251.1 416 256C416 260.9 414.6 270.7 406.6 278.6z\"><\/path><\/svg><\/span><span class=\"uagb-icon-list__label\">Clases de Feng Shui *<\/span><\/div>\n\n\n\n<div class=\"wp-block-uagb-icon-list-child uagb-block-f9df080b\"><span class=\"uagb-icon-list__source-wrap\"><svg xmlns=\"https:\/\/www.w3.org\/2000\/svg\" viewBox=\"0 0 512 512\"><path d=\"M256 0C114.6 0 0 114.6 0 256c0 141.4 114.6 256 256 256s256-114.6 256-256C512 114.6 397.4 0 256 0zM406.6 278.6l-103.1 103.1c-12.5 12.5-32.75 12.5-45.25 0s-12.5-32.75 0-45.25L306.8 288H128C110.3 288 96 273.7 96 256s14.31-32 32-32h178.8l-49.38-49.38c-12.5-12.5-12.5-32.75 0-45.25s32.75-12.5 45.25 0l103.1 103.1C414.6 241.3 416 251.1 416 256C416 260.9 414.6 270.7 406.6 278.6z\"><\/path><\/svg><\/span><span class=\"uagb-icon-list__label\">Eventos con invitados especiales *<\/span><\/div>\n<\/div><\/div>\n<\/div>\n\n\n\n<h6 class=\"wp-block-heading has-text-align-left\"><em>* descuento con la membres\u00eda<\/em><\/h6>\n<\/div>\n\n\n\n<div class=\"wp-block-uagb-container uagb-block-c7cf5bb1\">\n<h2 class=\"wp-block-heading has-text-align-center\">Planes<\/h2>\n\n\n\n<div class=\"wp-block-columns is-layout-flex wp-container-core-columns-is-layout-1 wp-block-columns-is-layout-flex\">\n<div class=\"wp-block-column is-layout-flow wp-block-column-is-layout-flow\" style=\"padding-top:var(--wp--preset--spacing--50);padding-bottom:var(--wp--preset--spacing--50);flex-basis:50%\">\n<div class=\"wp-block-uagb-container uagb-block-49307190\"><div class=\"wps_membership_plan_content_title\">Annual Membership<\/div>\n\n\n\n<div class=\"wp-block-uagb-advanced-heading uagb-block-0f90718d\"><h3 class=\"uagb-heading-text\">USD 99<\/h3><\/div>\n\n\n<form method=\"post\" class=\"wps_membership_buy_now_btn\">\n\t\t\t\t\t\t\t\t<input type=\"hidden\" id=\"wps_membership_plan_id\" name=\"plan_id\" value=\"4206\">\n\t\t\t\t\t\t\t\t<input type=\"hidden\" id=\"wps_membership_plan_price\" value=\"99\">\n\t\t\t\t\t\t\t\t<input type=\"hidden\" name=\"membership_title\" id=\"wps_membership_title\" value=\"Annual Membership\">\n\t\t\t\t\t\t\t\t<input type=\"button\" data-mode=\"live_plan\" class=\"wps_membership_buynow\" name=\"wps_membership_buynow\" value=\"Buy Now!\">\n\t\t\t\t\t\t\t<\/form>\n<\/div>\n<\/div>\n\n\n\n<div class=\"wp-block-column is-layout-flow wp-block-column-is-layout-flow\" style=\"padding-top:var(--wp--preset--spacing--50);padding-bottom:var(--wp--preset--spacing--50);flex-basis:50%\">\n<div class=\"wp-block-uagb-container uagb-block-8901d728\"><div class=\"wps_membership_plan_content_title\">6 Months Membership<\/div>\n\n\n\n<div class=\"wp-block-uagb-advanced-heading uagb-block-180bbdda\"><h3 class=\"uagb-heading-text\">USD 63<\/h3><\/div>\n\n\n<form method=\"post\" class=\"wps_membership_buy_now_btn\">\n\t\t\t\t\t\t\t\t<input type=\"hidden\" id=\"wps_membership_plan_id\" name=\"plan_id\" value=\"4419\">\n\t\t\t\t\t\t\t\t<input type=\"hidden\" id=\"wps_membership_plan_price\" value=\"63\">\n\t\t\t\t\t\t\t\t<input type=\"hidden\" name=\"membership_title\" id=\"wps_membership_title\" value=\"6 Months Membership\">\n\t\t\t\t\t\t\t\t<input type=\"button\" data-mode=\"live_plan\" class=\"wps_membership_buynow\" name=\"wps_membership_buynow\" value=\"Buy Now!\">\n\t\t\t\t\t\t\t<\/form>\n<\/div>\n<\/div>\n<\/div>\n<\/div>\n<\/div><\/div>\n\n\n\n<div class=\"wp-block-uagb-separator uagb-block-a9a76445\"><div class=\"wp-block-uagb-separator__inner\" style=\"--my-background-image:\"><\/div><\/div>\n\n\n\n<div class=\"wp-block-uagb-container uagb-block-6ad939fa alignfull uagb-is-root-container\"><div class=\"uagb-container-inner-blocks-wrap\">\n<div style=\"height:74px\" aria-hidden=\"true\" class=\"wp-block-spacer\"><\/div>\n\n\n\n<div class=\"wp-block-uagb-advanced-heading uagb-block-ec88b0f1\"><h5 class=\"uagb-heading-text\"><mark style=\"background-color:#f3f110\" class=\"has-inline-color\">Programaci\u00f3n 1er trimestre 2025:<\/mark><\/h5><\/div>\n\n\n\n<p><strong>ENERO 2025<\/strong><\/p>\n\n\n\n<ul class=\"wp-block-list\">\n<li>HOR\u00d3SCOPO ZODIACO CHINO\/ OCCIDENTAL ENERO 2025. <\/li>\n\n\n\n<li>Estrellas Voladoras Enero 2025. <\/li>\n\n\n\n<li>Tr\u00e1nsitos Astrol\u00f3gico del mes Enero 2025. <\/li>\n\n\n\n<li>Seminario del Mes: REGENERANDOME EN EL A\u00d1O DE LA SERPIENTE. Conecta con tu misi\u00f3n, visi\u00f3n y \u00e9xito en el 2025.&nbsp;&nbsp;Domingo 26 de Enero a las 19 horas Espa\u00f1a. <\/li>\n<\/ul>\n\n\n\n<p><strong>FEBRERO 2025<\/strong><\/p>\n\n\n\n<ul class=\"wp-block-list\">\n<li>HOR\u00d3SCOPO ZODIACO CHINO\/ OCCIDENTAL FEBRERO 2025<\/li>\n\n\n\n<li>Estrellas Voladoras Febrero 2025<\/li>\n\n\n\n<li>Tr\u00e1nsitos Astrol\u00f3gico del mes Febrero 2025.<\/li>\n\n\n\n<li>Seminario del Mes: TRANSFORMANDO MIS RELACIONES EN EL A\u00d1O DE LA SERPIENTE. Domingo 23 de Febrero a las 19 hora de Espa\u00f1a.&nbsp;<\/li>\n\n\n\n<li>Inici\u00f3 clases de Feng Shui. CLASE 1.&nbsp;&nbsp;&nbsp;Duraci\u00f3n 12 meses. $50 p\u00fablico general\/ $25 suscriptores por cada clase. <\/li>\n<\/ul>\n\n\n\n<p><strong>MARZO 2025<\/strong><\/p>\n\n\n\n<ul class=\"wp-block-list\">\n<li>HOR\u00d3SCOPO ZODIACO CHINO\/ OCCIDENTAL MARZO 2025<\/li>\n\n\n\n<li>Estrellas Voladoras Marzo 2025<\/li>\n\n\n\n<li>Tr\u00e1nsitos Astrol\u00f3gico del mes Marzo 2025.<\/li>\n\n\n\n<li>Seminario del Mes: SEDUCE A TU PROSPERIDAD EN EL A\u00d1O DE LA SERPIENTE. Mi\u00e9rcoles 19 de marzo a las 19 hora de Espa\u00f1a.&nbsp;<\/li>\n\n\n\n<li>Inici\u00f3 clases de Feng Shui. CLASE 2.&nbsp;&nbsp;$50 p\u00fablico general\/ $25 suscriptores por cada clase.&nbsp;<\/li>\n<\/ul>\n<\/div><\/div>\n","protected":false},"excerpt":{"rendered":"<p>\u00a1Bienvenidos a La Casa Zodiac! Tu aula virtual donde el Feng Shui, la Astrolog\u00eda y otras disciplinas se unen para ofrecerte herramientas pr\u00e1cticas y valiosas que te ayudar\u00e1n a construir una vida m\u00e1s equilibrada, saludable y feliz. \u00bfQu\u00e9 incluye la membres\u00eda? * descuento con la membres\u00eda Planes USD 99 USD 63 Programaci\u00f3n 1er trimestre 2025: [&hellip;]<\/p>\n","protected":false},"author":1,"featured_media":0,"parent":0,"menu_order":0,"comment_status":"closed","ping_status":"closed","template":"","meta":{"_uag_custom_page_level_css":"","site-sidebar-layout":"no-sidebar","site-content-layout":"","ast-site-content-layout":"default","site-content-style":"default","site-sidebar-style":"default","ast-global-header-display":"","ast-banner-title-visibility":"","ast-main-header-display":"","ast-hfb-above-header-display":"","ast-hfb-below-header-display":"","ast-hfb-mobile-header-display":"","site-post-title":"","ast-breadcrumbs-content":"","ast-featured-img":"","footer-sml-layout":"","theme-transparent-header-meta":"","adv-header-id-meta":"","stick-header-meta":"","header-above-stick-meta":"","header-main-stick-meta":"","header-below-stick-meta":"","astra-migrate-meta-layouts":"set","ast-page-background-enabled":"default","ast-page-background-meta":{"desktop":{"background-color":"","background-image":"","background-repeat":"repeat","background-position":"center center","background-size":"auto","background-attachment":"scroll","background-type":"","background-media":"","overlay-type":"","overlay-color":"","overlay-opacity":"","overlay-gradient":""},"tablet":{"background-color":"","background-image":"","background-repeat":"repeat","background-position":"center center","background-size":"auto","background-attachment":"scroll","background-type":"","background-media":"","overlay-type":"","overlay-color":"","overlay-opacity":"","overlay-gradient":""},"mobile":{"background-color":"","background-image":"","background-repeat":"repeat","background-position":"center center","background-size":"auto","background-attachment":"scroll","background-type":"","background-media":"","overlay-type":"","overlay-color":"","overlay-opacity":"","overlay-gradient":""}},"ast-content-background-meta":{"desktop":{"background-color":"var(--ast-global-color-5)","background-image":"","background-repeat":"repeat","background-position":"center center","background-size":"auto","background-attachment":"scroll","background-type":"","background-media":"","overlay-type":"","overlay-color":"","overlay-opacity":"","overlay-gradient":""},"tablet":{"background-color":"var(--ast-global-color-5)","background-image":"","background-repeat":"repeat","background-position":"center center","background-size":"auto","background-attachment":"scroll","background-type":"","background-media":"","overlay-type":"","overlay-color":"","overlay-opacity":"","overlay-gradient":""},"mobile":{"background-color":"var(--ast-global-color-5)","background-image":"","background-repeat":"repeat","background-position":"center center","background-size":"auto","background-attachment":"scroll","background-type":"","background-media":"","overlay-type":"","overlay-color":"","overlay-opacity":"","overlay-gradient":""}},"footnotes":""},"class_list":["post-4375","page","type-page","status-publish","hentry"],"translation":{"provider":"WPGlobus","version":"3.0.0","language":"en","enabled_languages":["es","en"],"languages":{"es":{"title":true,"content":true,"excerpt":false},"en":{"title":false,"content":false,"excerpt":false}}},"aioseo_notices":[],"uagb_featured_image_src":{"full":false,"thumbnail":false,"medium":false,"medium_large":false,"large":false,"1536x1536":false,"2048x2048":false,"woocommerce_thumbnail":false,"woocommerce_single":false,"woocommerce_gallery_thumbnail":false},"uagb_author_info":{"display_name":"Eli Garcia","author_link":"https:\/\/lacasazodiac.com\/en\/author\/pargi-bherovgmail-com\/"},"uagb_comment_info":0,"uagb_excerpt":"\u00a1Bienvenidos a La Casa Zodiac! Tu aula virtual donde el Feng Shui, la Astrolog\u00eda y otras disciplinas se unen para ofrecerte herramientas pr\u00e1cticas y valiosas que te ayudar\u00e1n a construir una vida m\u00e1s equilibrada, saludable y feliz. \u00bfQu\u00e9 incluye la membres\u00eda? * descuento con la membres\u00eda Planes USD 99 USD 63 Programaci\u00f3n 1er trimestre 2025:&hellip;","_links":{"self":[{"href":"https:\/\/lacasazodiac.com\/en\/wp-json\/wp\/v2\/pages\/4375","targetHints":{"allow":["GET"]}}],"collection":[{"href":"https:\/\/lacasazodiac.com\/en\/wp-json\/wp\/v2\/pages"}],"about":[{"href":"https:\/\/lacasazodiac.com\/en\/wp-json\/wp\/v2\/types\/page"}],"author":[{"embeddable":true,"href":"https:\/\/lacasazodiac.com\/en\/wp-json\/wp\/v2\/users\/1"}],"replies":[{"embeddable":true,"href":"https:\/\/lacasazodiac.com\/en\/wp-json\/wp\/v2\/comments?post=4375"}],"version-history":[{"count":87,"href":"https:\/\/lacasazodiac.com\/en\/wp-json\/wp\/v2\/pages\/4375\/revisions"}],"predecessor-version":[{"id":4770,"href":"https:\/\/lacasazodiac.com\/en\/wp-json\/wp\/v2\/pages\/4375\/revisions\/4770"}],"wp:attachment":[{"href":"https:\/\/lacasazodiac.com\/en\/wp-json\/wp\/v2\/media?parent=4375"}],"curies":[{"name":"wp","href":"https:\/\/api.w.org\/{rel}","templated":true}]}}