{"id":4103,"date":"2024-11-13T09:36:55","date_gmt":"2024-11-13T09:36:55","guid":{"rendered":"http:\/\/lacasazodiac.com\/?post_type=product&#038;p=4103"},"modified":"2024-12-02T18:49:24","modified_gmt":"2024-12-02T18:49:24","slug":"horoscopo-2025-acuario","status":"publish","type":"product","link":"https:\/\/lacasazodiac.com\/en\/product\/horoscopo-2025-acuario\/","title":{"rendered":"Predicciones: Acuario \/ Tigre 2025"},"content":{"rendered":"<h2>2025 el a\u00f1o del Drag\u00f3n de Madera!<\/h2>\n<p>Comenzamos uno a\u00f1o de grandes retos. Plut\u00f3n entra en Acuario en m\u00e1s de 200 a\u00f1os y nos viene a cambiar la vida en lo personal y colectivo. El verdadero salto cu\u00e1ntico. En esta gu\u00eda, que consta de tres partes, te ense\u00f1ar\u00e9:<\/p>\n<ul>\n<li>Tu prop\u00f3sito del a\u00f1o que te facilitara el crear soluciones, activar tus finanzas y vivir en bienestar.<\/li>\n<li>Sabras c\u00f3mo manejar los muy temidos planetas retr\u00f3grados como Mercurio.<\/li>\n<li>Comprender\u00e1s c\u00f3mo activar el amor y relaciones con los 4 eclipses del a\u00f1o.<\/li>\n<li>Descubrir\u00e1s los secretos de Plut\u00f3n en Acuario y c\u00f3mo sembrar la semilla del poder y la felicidad para los pr\u00f3ximos 20 a\u00f1os.<\/li>\n<\/ul>\n<p>Con mucho cari\u00f1o te entrego esta gu\u00eda, esta conversaci\u00f3n relajada y amena, para que sepas navegar y cabalgar al poderoso drag\u00f3n del 2024.<\/p>\n","protected":false},"excerpt":{"rendered":"[protected_video url=\"https:\/\/youtu.be\/8G6zMvqnYso\" service=\"youtube\"]\n","protected":false},"featured_media":4104,"comment_status":"closed","ping_status":"closed","template":"","meta":{"_uag_custom_page_level_css":"","site-sidebar-layout":"default","site-content-layout":"","ast-site-content-layout":"","site-content-style":"default","site-sidebar-style":"default","ast-global-header-display":"","ast-banner-title-visibility":"","ast-main-header-display":"","ast-hfb-above-header-display":"","ast-hfb-below-header-display":"","ast-hfb-mobile-header-display":"","site-post-title":"","ast-breadcrumbs-content":"","ast-featured-img":"","footer-sml-layout":"","theme-transparent-header-meta":"","adv-header-id-meta":"","stick-header-meta":"","header-above-stick-meta":"","header-main-stick-meta":"","header-below-stick-meta":"","astra-migrate-meta-layouts":"default","ast-page-background-enabled":"default","ast-page-background-meta":{"desktop":{"background-color":"","background-image":"","background-repeat":"repeat","background-position":"center center","background-size":"auto","background-attachment":"scroll","background-type":"","background-media":"","overlay-type":"","overlay-color":"","overlay-opacity":"","overlay-gradient":""},"tablet":{"background-color":"","background-image":"","background-repeat":"repeat","background-position":"center center","background-size":"auto","background-attachment":"scroll","background-type":"","background-media":"","overlay-type":"","overlay-color":"","overlay-opacity":"","overlay-gradient":""},"mobile":{"background-color":"","background-image":"","background-repeat":"repeat","background-position":"center center","background-size":"auto","background-attachment":"scroll","background-type":"","background-media":"","overlay-type":"","overlay-color":"","overlay-opacity":"","overlay-gradient":""}},"ast-content-background-meta":{"desktop":{"background-color":"var(--ast-global-color-5)","background-image":"","background-repeat":"repeat","background-position":"center center","background-size":"auto","background-attachment":"scroll","background-type":"","background-media":"","overlay-type":"","overlay-color":"","overlay-opacity":"","overlay-gradient":""},"tablet":{"background-color":"var(--ast-global-color-5)","background-image":"","background-repeat":"repeat","background-position":"center center","background-size":"auto","background-attachment":"scroll","background-type":"","background-media":"","overlay-type":"","overlay-color":"","overlay-opacity":"","overlay-gradient":""},"mobile":{"background-color":"var(--ast-global-color-5)","background-image":"","background-repeat":"repeat","background-position":"center center","background-size":"auto","background-attachment":"scroll","background-type":"","background-media":"","overlay-type":"","overlay-color":"","overlay-opacity":"","overlay-gradient":""}}},"product_brand":[],"product_cat":[24],"product_tag":[],"class_list":{"0":"post-4103","1":"product","2":"type-product","3":"status-publish","4":"has-post-thumbnail","6":"product_cat-horoscope","7":"desktop-align-left","8":"tablet-align-left","9":"mobile-align-left","11":"first","12":"instock","13":"virtual","14":"sold-individually","15":"purchasable","16":"product-type-simple"},"translation":{"provider":"WPGlobus","version":"3.0.0","language":"en","enabled_languages":["es","en"],"languages":{"es":{"title":true,"content":true,"excerpt":true},"en":{"title":false,"content":false,"excerpt":false}}},"aioseo_notices":[],"uagb_featured_image_src":{"full":["https:\/\/lacasazodiac.com\/wp-content\/uploads\/2024\/12\/Predicciones2025-acuario.jpg",350,195,false],"thumbnail":["https:\/\/lacasazodiac.com\/wp-content\/uploads\/2024\/12\/Predicciones2025-acuario.jpg",150,84,false],"medium":["https:\/\/lacasazodiac.com\/wp-content\/uploads\/2024\/12\/Predicciones2025-acuario.jpg",300,167,false],"medium_large":["https:\/\/lacasazodiac.com\/wp-content\/uploads\/2024\/12\/Predicciones2025-acuario.jpg",350,195,false],"large":["https:\/\/lacasazodiac.com\/wp-content\/uploads\/2024\/12\/Predicciones2025-acuario.jpg",350,195,false],"1536x1536":["https:\/\/lacasazodiac.com\/wp-content\/uploads\/2024\/12\/Predicciones2025-acuario.jpg",350,195,false],"2048x2048":["https:\/\/lacasazodiac.com\/wp-content\/uploads\/2024\/12\/Predicciones2025-acuario.jpg",350,195,false],"woocommerce_thumbnail":["https:\/\/lacasazodiac.com\/wp-content\/uploads\/2024\/12\/Predicciones2025-acuario-300x195.jpg",300,195,true],"woocommerce_single":["https:\/\/lacasazodiac.com\/wp-content\/uploads\/2024\/12\/Predicciones2025-acuario.jpg",350,195,false],"woocommerce_gallery_thumbnail":["https:\/\/lacasazodiac.com\/wp-content\/uploads\/2024\/12\/Predicciones2025-acuario-100x100.jpg",100,100,true]},"uagb_author_info":{"display_name":"Eli Garcia","author_link":"https:\/\/lacasazodiac.com\/en\/author\/"},"uagb_comment_info":0,"uagb_excerpt":"[protected_video url=\"https:\/\/youtu.be\/8G6zMvqnYso\" service=\"youtube\"]","_links":{"self":[{"href":"https:\/\/lacasazodiac.com\/en\/wp-json\/wp\/v2\/product\/4103","targetHints":{"allow":["GET"]}}],"collection":[{"href":"https:\/\/lacasazodiac.com\/en\/wp-json\/wp\/v2\/product"}],"about":[{"href":"https:\/\/lacasazodiac.com\/en\/wp-json\/wp\/v2\/types\/product"}],"replies":[{"embeddable":true,"href":"https:\/\/lacasazodiac.com\/en\/wp-json\/wp\/v2\/comments?post=4103"}],"wp:featuredmedia":[{"embeddable":true,"href":"https:\/\/lacasazodiac.com\/en\/wp-json\/wp\/v2\/media\/4104"}],"wp:attachment":[{"href":"https:\/\/lacasazodiac.com\/en\/wp-json\/wp\/v2\/media?parent=4103"}],"wp:term":[{"taxonomy":"product_brand","embeddable":true,"href":"https:\/\/lacasazodiac.com\/en\/wp-json\/wp\/v2\/product_brand?post=4103"},{"taxonomy":"product_cat","embeddable":true,"href":"https:\/\/lacasazodiac.com\/en\/wp-json\/wp\/v2\/product_cat?post=4103"},{"taxonomy":"product_tag","embeddable":true,"href":"https:\/\/lacasazodiac.com\/en\/wp-json\/wp\/v2\/product_tag?post=4103"}],"curies":[{"name":"wp","href":"https:\/\/api.w.org\/{rel}","templated":true}]}}