{"id":4200,"date":"2024-11-16T09:41:04","date_gmt":"2024-11-16T09:41:04","guid":{"rendered":"http:\/\/lacasazodiac.com\/?post_type=product&#038;p=4200"},"modified":"2024-12-02T18:49:24","modified_gmt":"2024-12-02T18:49:24","slug":"horoscopo-2025-escorpio","status":"publish","type":"product","link":"https:\/\/lacasazodiac.com\/en\/product\/horoscopo-2025-escorpio\/","title":{"rendered":"Predicciones: Escorpio \/ Cerdo 2025"},"content":{"rendered":"<p>2025, El a\u00f1o de LA SERPIENTE DE MADERA.<\/p>\n<p>Este a\u00f1o se nos presenta como un tiempo de revisi\u00f3n, la serpiente sacara a la luz todo lo que esta escondido. Como colectivo tendremos que cuidar a la tierra, ya que de esta provienen los alimentos que nos sustentan, seguro sentiremos los estragos de nuestro comportamiento con ella tanto en escasez de recursos como en desastres naturales. Adem\u00e1s, los planetas m\u00e1s importantes cambiaran de signo para que as\u00ed sembremos las semillas de un nuevo capitulo de nuestras vidas. La primavera ser\u00e1 un momento clim\u00e1tico para el que tenemos que prepararnos.<\/p>\n<p>Con mucho cari\u00f1o te entregamos esta gu\u00eda para que sepas navegar esta etapa que comienzas. Todos los a\u00f1os tienen sus retos y la pregunta es quienes seremos cuando estos momentos \u00e1lgidos se nos presenten, al igual que estar listos para cuando las oportunidades toquen la puerta. En esta conversaci\u00f3n relajada y amena entre Audrey Blanco y Samuel Morett, les hablaremos del clima astrol\u00f3gico para tu signo zodiacal y les daremos las herramientas desde el punto de vista del Feng Shui y de la Astrolog\u00eda para que conviertan en la mejor versi\u00f3n de ustedes en cada d\u00eda del 2025.<\/p>\n<p>Algo muy importante, recuerden que somos una unidad, no somos solo el signo bajo el cual nacimos, las 12 energ\u00edas zodiacales viven en nosotros gui\u00e1ndonos en diferentes momentos del a\u00f1o.<\/p>\n<p>!FELIZ 2025!<\/p>\n","protected":false},"excerpt":{"rendered":"[protected_video url=\"https:\/\/youtu.be\/9nz4p__FJFU\" service=\"youtube\"]\n","protected":false},"featured_media":4106,"comment_status":"closed","ping_status":"closed","template":"","meta":{"_uag_custom_page_level_css":"","site-sidebar-layout":"default","site-content-layout":"","ast-site-content-layout":"","site-content-style":"default","site-sidebar-style":"default","ast-global-header-display":"","ast-banner-title-visibility":"","ast-main-header-display":"","ast-hfb-above-header-display":"","ast-hfb-below-header-display":"","ast-hfb-mobile-header-display":"","site-post-title":"","ast-breadcrumbs-content":"","ast-featured-img":"","footer-sml-layout":"","theme-transparent-header-meta":"","adv-header-id-meta":"","stick-header-meta":"","header-above-stick-meta":"","header-main-stick-meta":"","header-below-stick-meta":"","astra-migrate-meta-layouts":"default","ast-page-background-enabled":"default","ast-page-background-meta":{"desktop":{"background-color":"","background-image":"","background-repeat":"repeat","background-position":"center center","background-size":"auto","background-attachment":"scroll","background-type":"","background-media":"","overlay-type":"","overlay-color":"","overlay-opacity":"","overlay-gradient":""},"tablet":{"background-color":"","background-image":"","background-repeat":"repeat","background-position":"center center","background-size":"auto","background-attachment":"scroll","background-type":"","background-media":"","overlay-type":"","overlay-color":"","overlay-opacity":"","overlay-gradient":""},"mobile":{"background-color":"","background-image":"","background-repeat":"repeat","background-position":"center center","background-size":"auto","background-attachment":"scroll","background-type":"","background-media":"","overlay-type":"","overlay-color":"","overlay-opacity":"","overlay-gradient":""}},"ast-content-background-meta":{"desktop":{"background-color":"var(--ast-global-color-5)","background-image":"","background-repeat":"repeat","background-position":"center center","background-size":"auto","background-attachment":"scroll","background-type":"","background-media":"","overlay-type":"","overlay-color":"","overlay-opacity":"","overlay-gradient":""},"tablet":{"background-color":"var(--ast-global-color-5)","background-image":"","background-repeat":"repeat","background-position":"center center","background-size":"auto","background-attachment":"scroll","background-type":"","background-media":"","overlay-type":"","overlay-color":"","overlay-opacity":"","overlay-gradient":""},"mobile":{"background-color":"var(--ast-global-color-5)","background-image":"","background-repeat":"repeat","background-position":"center center","background-size":"auto","background-attachment":"scroll","background-type":"","background-media":"","overlay-type":"","overlay-color":"","overlay-opacity":"","overlay-gradient":""}}},"product_brand":[],"product_cat":[24],"product_tag":[],"class_list":{"0":"post-4200","1":"product","2":"type-product","3":"status-publish","4":"has-post-thumbnail","6":"product_cat-horoscope","7":"desktop-align-left","8":"tablet-align-left","9":"mobile-align-left","11":"first","12":"instock","13":"virtual","14":"sold-individually","15":"purchasable","16":"product-type-simple"},"translation":{"provider":"WPGlobus","version":"3.0.0","language":"en","enabled_languages":["es","en"],"languages":{"es":{"title":true,"content":true,"excerpt":true},"en":{"title":false,"content":false,"excerpt":false}}},"aioseo_notices":[],"uagb_featured_image_src":{"full":["https:\/\/lacasazodiac.com\/wp-content\/uploads\/2024\/12\/Predicciones2025-escorpio.jpg",350,195,false],"thumbnail":["https:\/\/lacasazodiac.com\/wp-content\/uploads\/2024\/12\/Predicciones2025-escorpio.jpg",150,84,false],"medium":["https:\/\/lacasazodiac.com\/wp-content\/uploads\/2024\/12\/Predicciones2025-escorpio.jpg",300,167,false],"medium_large":["https:\/\/lacasazodiac.com\/wp-content\/uploads\/2024\/12\/Predicciones2025-escorpio.jpg",350,195,false],"large":["https:\/\/lacasazodiac.com\/wp-content\/uploads\/2024\/12\/Predicciones2025-escorpio.jpg",350,195,false],"1536x1536":["https:\/\/lacasazodiac.com\/wp-content\/uploads\/2024\/12\/Predicciones2025-escorpio.jpg",350,195,false],"2048x2048":["https:\/\/lacasazodiac.com\/wp-content\/uploads\/2024\/12\/Predicciones2025-escorpio.jpg",350,195,false],"woocommerce_thumbnail":["https:\/\/lacasazodiac.com\/wp-content\/uploads\/2024\/12\/Predicciones2025-escorpio-300x195.jpg",300,195,true],"woocommerce_single":["https:\/\/lacasazodiac.com\/wp-content\/uploads\/2024\/12\/Predicciones2025-escorpio.jpg",350,195,false],"woocommerce_gallery_thumbnail":["https:\/\/lacasazodiac.com\/wp-content\/uploads\/2024\/12\/Predicciones2025-escorpio-100x100.jpg",100,100,true]},"uagb_author_info":{"display_name":"Eli Garcia","author_link":"https:\/\/lacasazodiac.com\/en\/author\/"},"uagb_comment_info":0,"uagb_excerpt":"[protected_video url=\"https:\/\/youtu.be\/9nz4p__FJFU\" service=\"youtube\"]","_links":{"self":[{"href":"https:\/\/lacasazodiac.com\/en\/wp-json\/wp\/v2\/product\/4200","targetHints":{"allow":["GET"]}}],"collection":[{"href":"https:\/\/lacasazodiac.com\/en\/wp-json\/wp\/v2\/product"}],"about":[{"href":"https:\/\/lacasazodiac.com\/en\/wp-json\/wp\/v2\/types\/product"}],"replies":[{"embeddable":true,"href":"https:\/\/lacasazodiac.com\/en\/wp-json\/wp\/v2\/comments?post=4200"}],"wp:featuredmedia":[{"embeddable":true,"href":"https:\/\/lacasazodiac.com\/en\/wp-json\/wp\/v2\/media\/4106"}],"wp:attachment":[{"href":"https:\/\/lacasazodiac.com\/en\/wp-json\/wp\/v2\/media?parent=4200"}],"wp:term":[{"taxonomy":"product_brand","embeddable":true,"href":"https:\/\/lacasazodiac.com\/en\/wp-json\/wp\/v2\/product_brand?post=4200"},{"taxonomy":"product_cat","embeddable":true,"href":"https:\/\/lacasazodiac.com\/en\/wp-json\/wp\/v2\/product_cat?post=4200"},{"taxonomy":"product_tag","embeddable":true,"href":"https:\/\/lacasazodiac.com\/en\/wp-json\/wp\/v2\/product_tag?post=4200"}],"curies":[{"name":"wp","href":"https:\/\/api.w.org\/{rel}","templated":true}]}}